{"id":64,"date":"2011-02-09T22:19:37","date_gmt":"2011-02-10T01:19:37","guid":{"rendered":"http:\/\/estiloabaco.com.ar\/WordPress\/"},"modified":"2011-02-22T14:48:13","modified_gmt":"2011-02-22T17:48:13","slug":"nuestras-marcas","status":"publish","type":"page","link":"http:\/\/estiloabaco.com.ar\/WordPress\/nuestras-marcas\/","title":{"rendered":"Nuestras marcas"},"content":{"rendered":"<ul id=\"internal-source-marker_0.9606255819217038\">\n<li>AR Express<\/li>\n<li>B\u00e1rbara Bosch<\/li>\n<li>El \u00c1ngel Rosa<\/li>\n<li>Kees Von Kees<\/li>\n<li>Vev\u00fb<\/li>\n<li>Victoria Jess<\/li>\n<\/ul>\n","protected":false},"excerpt":{"rendered":"<p>AR Express B\u00e1rbara Bosch El \u00c1ngel Rosa Kees Von Kees Vev\u00fb Victoria Jess<\/p>\n","protected":false},"author":1,"featured_media":0,"parent":0,"menu_order":20,"comment_status":"closed","ping_status":"closed","template":"","meta":{"footnotes":""},"class_list":["post-64","page","type-page","status-publish","hentry"],"_links":{"self":[{"href":"http:\/\/estiloabaco.com.ar\/WordPress\/wp-json\/wp\/v2\/pages\/64","targetHints":{"allow":["GET"]}}],"collection":[{"href":"http:\/\/estiloabaco.com.ar\/WordPress\/wp-json\/wp\/v2\/pages"}],"about":[{"href":"http:\/\/estiloabaco.com.ar\/WordPress\/wp-json\/wp\/v2\/types\/page"}],"author":[{"embeddable":true,"href":"http:\/\/estiloabaco.com.ar\/WordPress\/wp-json\/wp\/v2\/users\/1"}],"replies":[{"embeddable":true,"href":"http:\/\/estiloabaco.com.ar\/WordPress\/wp-json\/wp\/v2\/comments?post=64"}],"version-history":[{"count":6,"href":"http:\/\/estiloabaco.com.ar\/WordPress\/wp-json\/wp\/v2\/pages\/64\/revisions"}],"predecessor-version":[{"id":157,"href":"http:\/\/estiloabaco.com.ar\/WordPress\/wp-json\/wp\/v2\/pages\/64\/revisions\/157"}],"wp:attachment":[{"href":"http:\/\/estiloabaco.com.ar\/WordPress\/wp-json\/wp\/v2\/media?parent=64"}],"curies":[{"name":"wp","href":"https:\/\/api.w.org\/{rel}","templated":true}]}}