{"id":11,"date":"2011-02-08T17:40:03","date_gmt":"2011-02-08T20:40:03","guid":{"rendered":"http:\/\/estiloabaco.com.ar\/WordPress\/"},"modified":"2011-02-22T14:48:34","modified_gmt":"2011-02-22T17:48:34","slug":"barbara-bosch","status":"publish","type":"page","link":"http:\/\/estiloabaco.com.ar\/WordPress\/barbara-bosch\/","title":{"rendered":"B\u00e1rbara Bosch"},"content":{"rendered":"<p>Como un desaf\u00edo para el nuevo milenio Abaco se plante\u00f3 desarrollar una marca propia que identifique su personalidad y es as\u00ed como naci\u00f3 B\u00e1rbara Bosch, nuestra propia marca,<\/p>\n<p>Inspirada en el aire parisino y con tendencias vanguardistas B\u00e1rbara Bosch resume todo lo que la mujer desea, verse joven y atraer sin olvidar la sobriedad y el estilo.<\/p>\n<p>B\u00e1rbara Bosch es una marca registrada y desarrollada por Abaco.<\/p>\n","protected":false},"excerpt":{"rendered":"<p>Como un desaf\u00edo para el nuevo milenio Abaco se plante\u00f3 desarrollar una marca propia que identifique su personalidad y es as\u00ed como naci\u00f3 B\u00e1rbara Bosch, nuestra propia marca, Inspirada en el aire parisino y con tendencias vanguardistas B\u00e1rbara Bosch resume todo lo que la mujer desea, verse joven y atraer sin olvidar la sobriedad y [&hellip;]<\/p>\n","protected":false},"author":1,"featured_media":0,"parent":0,"menu_order":30,"comment_status":"closed","ping_status":"closed","template":"","meta":{"footnotes":""},"class_list":["post-11","page","type-page","status-publish","hentry"],"_links":{"self":[{"href":"http:\/\/estiloabaco.com.ar\/WordPress\/wp-json\/wp\/v2\/pages\/11","targetHints":{"allow":["GET"]}}],"collection":[{"href":"http:\/\/estiloabaco.com.ar\/WordPress\/wp-json\/wp\/v2\/pages"}],"about":[{"href":"http:\/\/estiloabaco.com.ar\/WordPress\/wp-json\/wp\/v2\/types\/page"}],"author":[{"embeddable":true,"href":"http:\/\/estiloabaco.com.ar\/WordPress\/wp-json\/wp\/v2\/users\/1"}],"replies":[{"embeddable":true,"href":"http:\/\/estiloabaco.com.ar\/WordPress\/wp-json\/wp\/v2\/comments?post=11"}],"version-history":[{"count":5,"href":"http:\/\/estiloabaco.com.ar\/WordPress\/wp-json\/wp\/v2\/pages\/11\/revisions"}],"predecessor-version":[{"id":159,"href":"http:\/\/estiloabaco.com.ar\/WordPress\/wp-json\/wp\/v2\/pages\/11\/revisions\/159"}],"wp:attachment":[{"href":"http:\/\/estiloabaco.com.ar\/WordPress\/wp-json\/wp\/v2\/media?parent=11"}],"curies":[{"name":"wp","href":"https:\/\/api.w.org\/{rel}","templated":true}]}}